{"id":34,"date":"2019-05-09T15:25:49","date_gmt":"2019-05-09T13:25:49","guid":{"rendered":"http:\/\/kanzlei-krekel.de\/cms\/?page_id=34"},"modified":"2020-01-01T16:10:21","modified_gmt":"2020-01-01T15:10:21","slug":"vita","status":"publish","type":"page","link":"https:\/\/kanzlei-krekel.de\/cms\/vita\/","title":{"rendered":"Vita"},"content":{"rendered":"\r\n<p>Die Schulzeit mit Abitur absolvierte ich im wundersch\u00f6nen Bingen am Rhein.<\/p>\r\n\r\n\r\n\r\n<p>Nach erfolgreichem Abschluss des ersten juristischen Staatexamens an der Johannes-Gutenberg-Universit\u00e4t Mainz absolvierte ich das Referendariat beim Landgericht Bad Kreuznach.<\/p>\r\n\r\n\r\n\r\n<p>Im November 2012 schloss ich meine Ausbildung mit dem Zweiten juristischen Staatsexamen ab.<\/p>\r\n\r\n\r\n\r\n<p>Meine erste anwaltliche T\u00e4tigkeit f\u00fchrte mich zun\u00e4chst nach Wiesbaden, wo ich in einer bankenrechtlich ausgerichteten Kanzlei arbeitete.<\/p>\r\n\r\n\r\n\r\n<p>Von Mai 2013 bis Juni 2018 war ich sodann in einer Kanzlei in Ingelheim angestellt, in der ich \u00fcberwiegend verkehrsrechtliche Mandate betreute.<br \/>Aber auch mietrechtliche und allgemein zivilrechtliche Mandate wurden bearbeitet.<\/p>\r\n\r\n\r\n\r\n<p>Zum 01.07.2018 wagte ich den Schritt in die Selbst\u00e4ndigkeit, indem ich in die Kanzlei Oppenheimer in Bingen in B\u00fcrogemeinschaft eintrat.<\/p>\r\n<p>Nach der Anfangszeit in Bingen befindet sich meine Kanzlei nun ab 01.01.2020 in B\u00fcrogemeinschaft mit der Kanzlei Stritter &amp; Partner GbR in Ingelheim.<\/p>\r\n\r\n\r\n\r\n<p>Neben der T\u00e4tigkeit als Rechtsanw\u00e4ltin suche ich den Ausgleich im Sport und durch Reiten.<\/p>\r\n","protected":false},"excerpt":{"rendered":"<p>Die Schulzeit mit Abitur absolvierte ich im wundersch\u00f6nen Bingen am Rhein. Nach erfolgreichem Abschluss des ersten juristischen Staatexamens an der Johannes-Gutenberg-Universit\u00e4t Mainz absolvierte ich das Referendariat beim Landgericht Bad Kreuznach. Im November 2012 schloss ich meine Ausbildung mit dem Zweiten juristischen Staatsexamen ab. Meine erste anwaltliche T\u00e4tigkeit f\u00fchrte mich zun\u00e4chst nach Wiesbaden, wo ich in &hellip; <a href=\"https:\/\/kanzlei-krekel.de\/cms\/vita\/\" class=\"more-link\"><span class=\"screen-reader-text\">&#8222;Vita&#8220; <\/span>weiterlesen<\/a><\/p>\n","protected":false},"author":2,"featured_media":69,"parent":0,"menu_order":0,"comment_status":"closed","ping_status":"closed","template":"","meta":[],"_links":{"self":[{"href":"https:\/\/kanzlei-krekel.de\/cms\/wp-json\/wp\/v2\/pages\/34"}],"collection":[{"href":"https:\/\/kanzlei-krekel.de\/cms\/wp-json\/wp\/v2\/pages"}],"about":[{"href":"https:\/\/kanzlei-krekel.de\/cms\/wp-json\/wp\/v2\/types\/page"}],"author":[{"embeddable":true,"href":"https:\/\/kanzlei-krekel.de\/cms\/wp-json\/wp\/v2\/users\/2"}],"replies":[{"embeddable":true,"href":"https:\/\/kanzlei-krekel.de\/cms\/wp-json\/wp\/v2\/comments?post=34"}],"version-history":[{"count":2,"href":"https:\/\/kanzlei-krekel.de\/cms\/wp-json\/wp\/v2\/pages\/34\/revisions"}],"predecessor-version":[{"id":112,"href":"https:\/\/kanzlei-krekel.de\/cms\/wp-json\/wp\/v2\/pages\/34\/revisions\/112"}],"wp:featuredmedia":[{"embeddable":true,"href":"https:\/\/kanzlei-krekel.de\/cms\/wp-json\/wp\/v2\/media\/69"}],"wp:attachment":[{"href":"https:\/\/kanzlei-krekel.de\/cms\/wp-json\/wp\/v2\/media?parent=34"}],"curies":[{"name":"wp","href":"https:\/\/api.w.org\/{rel}","templated":true}]}}