{"id":26,"date":"2019-05-09T10:37:33","date_gmt":"2019-05-09T08:37:33","guid":{"rendered":"http:\/\/kanzlei-krekel.de\/cms\/?page_id=26"},"modified":"2019-09-22T21:34:42","modified_gmt":"2019-09-22T19:34:42","slug":"verkehrsunfall-was-nun","status":"publish","type":"page","link":"https:\/\/kanzlei-krekel.de\/cms\/verkehrsunfall-was-nun\/","title":{"rendered":"Verkehrsunfall \u2013  was nun?"},"content":{"rendered":"\r\n<p>Bei einem Verkehrsunfall k\u00f6nnen verschiedene Sch\u00e4den entstehen.<\/p>\r\n<p><span style=\"font-size: medium;\">Typischerweise tritt zun\u00e4chst ein Sachschaden an Ihrem Kraftfahrzeug ein. Dieser umfasst neben den anfallenden Reparaturkosten, die fiktiv auf Basis eines Gutachtens oder Kostenvoranschlages (dann ohne Mehrwertsteuer) oder konkret auf Basis einer Reparaturrechnung abgerechnet werden k\u00f6nnen, auch die Sachverst\u00e4ndigengeb\u00fchren, eine m\u00f6gliche Wertminderung sowie eine Kostenpauschale.<\/span><\/p>\r\n<p><span style=\"font-size: medium;\">Ebenso kann allerdings ein wirtschaftlicher Totalschaden eingetreten sein.<\/span><\/p>\r\n<p><span style=\"font-size: medium;\">In letzterem Fall erstattet die Versicherung den sog. Wiederbeschaffungsaufwand. Dieser berechnet sich aus der Differenz von Wiederbeschaffungswert (= Wert f\u00fcr ein vergleichbares, unfallfreies Fahrzeug) und Restwert (= Wert des besch\u00e4digten Fahrzeugs).<\/span><\/p>\r\n<p>F\u00fcr den Restwert ist nach der Rechtsprechung des BGH der regionale Markt ma\u00dfgebend.<\/p>\r\n<p>Hier versuchen die Versicherer deutschlandweit einen h\u00f6heren Restwert zu erzielen, weshalb hier einige Besonderheiten zu beachten sind.<\/p>\r\n<p>Insbesondere stellt sich die Frage nach der Verkehrssicherheit und Fahrbereitschaft des besch\u00e4digten Fahrzeugs sowie der Weiternutzungsm\u00f6glichkeit.<\/p>\r\n<p><span style=\"font-size: medium;\">Bei der Schadenregulierung ist es leider bei den Haftpflichtversicherern mittlerweile Gang und Gebe, die Nachweise zur Schadenh\u00f6he (Gutachten oder Kostenvoranschlag) entgegen der geltenden Rechtsprechung nach eigenem Ermessen und teilweise willk\u00fcrlich zu k\u00fcrzen.<\/span><\/p>\r\n<p>&nbsp;<\/p>\r\n<p>Bei Unfallsch\u00e4den mit einem deutschen oder einem ausl\u00e4ndischen Fahrzeug, in Deutschland oder im Ausland, ist eine qualifizierte individuelle Beratung durch einen Rechtsanwalt sowie eine kompetente Rechtsvertretung stets erforderlich.<\/p>\r\n<p>\u00dcberlassen Sie nichts dem Zufall und wenden Sie sich am besten an einen Rechtsanwalt f\u00fcr Verkehrsrecht.<\/p>\r\n<p>Durch die Kanzlei Krekel werden Ihre Interessen bei der Regulierung von Verkehrsunf\u00e4llen umfassend vertreten.<br \/>Das Risiko, dass Sie nur Teile des entstandenen Schadens ersetzt bekommen, tragen Sie.<\/p>\r\n\r\n\r\n\r\n<p><br \/>Seitens der Versicherer werden Sie nicht umfassend \u00fcber die Ihnen als Unfallgesch\u00e4digten zustehenden Rechte informiert.<br \/>Die Anspr\u00fcche nach einem Verkehrsunfall sind dabei vielf\u00e4ltig und von juristischen Laien nur sehr schwer zu \u00fcberblicken.<br \/>Es gilt dabei die umfassenden Schadenersatzpositionen im Auge zu behalten. Die Anspr\u00fcche sind dabei sehr vielschichtig (fiktive oder konkrete Abrechnung des Schadens, 130-Prozent-Regel, Mietwagenkosten Unfallersatztarif \u2013 Normaltarif, Nutzungsausfallschaden, Mehrwertsteuer beim Kfz-Schaden, Schmerzensgeld, Haushaltsf\u00fchrungsschaden). <br \/>Lassen Sie sich deshalb qualifiziert beraten und die Schadensregulierung durch Ihre Rechtsanw\u00e4ltin f\u00fcr Verkehrsrecht vornehmen. Die Kosten hierf\u00fcr werden in der Regel von der Versicherung des Unfallverursachers getragen.<\/p>\r\n\r\n\r\n\r\n<p><br \/>Ihre pers\u00f6nlichen Interessen werden durch mich stets gewahrt.<br \/>Dabei werden die Daten der gegnerischen Kfz-Haftpflichtversicherung und anderer Beteiligter ermittelt sowie Akteneinsicht in die Ermittlungsakten der Polizei, der Bu\u00dfgeldstelle und der Staatsanwaltschaft genommen.<\/p>\r\n\r\n\r\n\r\n<p><strong> Welche Rechte stehen Ihnen nach einem Verkehrsunfall zu?<\/strong><\/p>\r\n\r\n\r\n\r\n<ul>\r\n<li>Sachschaden (Reparaturkosten fiktiv ohne Umsatzsteuer oder konkret nach Rechnung bzw. Totalschadenabrechnung)<\/li>\r\n<li>Ggfs. Wertminderung nach gutachterlicher Pr\u00fcfung<\/li>\r\n<li>Nutzungsausfall \/ Mietwagenkosten<\/li>\r\n<li>Kostenpauschale bzw. konkret zu beziffernder Aufwand<\/li>\r\n<li>Ggfs. An- und Abmeldekosten<\/li>\r\n<li>Ggfs. Schmerzensgeld und weitere Anspr\u00fcche bei Personenschaden<\/li>\r\n<\/ul>\r\n\r\n\r\n\r\n<h3>Sachschaden:<\/h3>\r\n\r\n\r\n\r\n<p>Von Fall zu Fall k\u00f6nnen verschiedene Sch\u00e4den eingetreten sein: Neben dem typischen Sachschaden an Ihrem Kfz, der in Form von Reparaturkosten, fiktiv auf Gutachten- bzw. Kostenvoranschlagbasis (ohne Umsatzsteuer, \u00a7 249 Abs. 2 S. 2 BGB) oder konkret auf Basis einer Reparaturrechnung, kann ebenso ein wirtschaftlicher Totalschaden eingetreten sein. In letzterem Fall reguliert die Versicherung des Sch\u00e4digers den sog. Wiederbeschaffungsaufwand (Wiederbeschaffungsaufwand abzgl. Restwert). Der Wiederbeschaffungswert bildet dabei den Wert, der f\u00fcr die Beschaffung eines vergleichbaren Fahrzeugs aufgewendet werden muss. Der Restwert weist den Wert des besch\u00e4digten Fahrzeugs aus und wird durch den Sachverst\u00e4ndigen ermittelt. <br \/>Dabei ist es leider bei den Haftpflichtversicherern zwischenzeitlich zum \u201eVolkssport\u201c geworden, die eingereichten Gutachten bzw. Reparaturkostenrechnungen zusammenzuk\u00fcrzen<br \/>In 9 von 10 F\u00e4llen wird nicht um die Haftung, sondern um die H\u00f6he des Schadens gestritten.<br \/>Da in jeder Schadenabteilung Volljuristen angestellt sind, ist jedem Unfallgesch\u00e4digten dringend zur Inanspruchnahme anwaltlicher Hilfe zu raten.<br \/>Neben dem Anspruch auf die Erstattung der Gutachter- und der Reparaturkosten bzw. des Wiederbeschaffungsaufwandes steht Ihnen als Gesch\u00e4digten zudem ggfs. eine gutachterlich festgestellte Wertminderung, eine Kostenpauschale sowie Nutzungsausfall zu.<br \/>Letzte Position wird entweder konkret anhand einer Mietwagenrechnung geltend gemacht oder anhand eines Tagessatzes abh\u00e4ngig vom Fahrzeugmodell und Motorisierung.<\/p>\r\n\r\n\r\n\r\n<h3>Personenschaden:<\/h3>\r\n\r\n\r\n\r\n<p>Neben dem Anspruch auf Ersatz des Sachschadens kann es durch einen Unfall ebenso zu einem Personenschaden gekommen sein.<br \/>Hierbei ist die Geltendmachung von Schmerzensgeld, Verdienstausfall, Heilbehandlungskosten und Kosten einer Haushaltshilfe zu pr\u00fcfen und entsprechend geltend zu machen.<\/p>\r\n<p>&nbsp;<\/p>\r\n<p>Dar\u00fcber hinaus erfolgt eine Vertretung und Verteidigung in Bu\u00dfgeld-, Ordnungswidrigkeits- und Strafverfahren.<br \/>Dies kommt insbesondere in Betracht bei Unerlaubtem Entfernen vom Unfallort, Trunkenheit im Stra\u00dfenverkehr, Geschwindigkeits\u00fcberschreitungen, Rotlichtversto\u00df und Abstandsmessungen.<\/p>\r\n","protected":false},"excerpt":{"rendered":"<p>Bei einem Verkehrsunfall k\u00f6nnen verschiedene Sch\u00e4den entstehen. Typischerweise tritt zun\u00e4chst ein Sachschaden an Ihrem Kraftfahrzeug ein. Dieser umfasst neben den anfallenden Reparaturkosten, die fiktiv auf Basis eines Gutachtens oder Kostenvoranschlages (dann ohne Mehrwertsteuer) oder konkret auf Basis einer Reparaturrechnung abgerechnet werden k\u00f6nnen, auch die Sachverst\u00e4ndigengeb\u00fchren, eine m\u00f6gliche Wertminderung sowie eine Kostenpauschale. Ebenso kann allerdings ein &hellip; <a href=\"https:\/\/kanzlei-krekel.de\/cms\/verkehrsunfall-was-nun\/\" class=\"more-link\"><span class=\"screen-reader-text\">&#8222;Verkehrsunfall \u2013  was nun?&#8220; <\/span>weiterlesen<\/a><\/p>\n","protected":false},"author":2,"featured_media":0,"parent":0,"menu_order":0,"comment_status":"closed","ping_status":"closed","template":"","meta":[],"_links":{"self":[{"href":"https:\/\/kanzlei-krekel.de\/cms\/wp-json\/wp\/v2\/pages\/26"}],"collection":[{"href":"https:\/\/kanzlei-krekel.de\/cms\/wp-json\/wp\/v2\/pages"}],"about":[{"href":"https:\/\/kanzlei-krekel.de\/cms\/wp-json\/wp\/v2\/types\/page"}],"author":[{"embeddable":true,"href":"https:\/\/kanzlei-krekel.de\/cms\/wp-json\/wp\/v2\/users\/2"}],"replies":[{"embeddable":true,"href":"https:\/\/kanzlei-krekel.de\/cms\/wp-json\/wp\/v2\/comments?post=26"}],"version-history":[{"count":9,"href":"https:\/\/kanzlei-krekel.de\/cms\/wp-json\/wp\/v2\/pages\/26\/revisions"}],"predecessor-version":[{"id":107,"href":"https:\/\/kanzlei-krekel.de\/cms\/wp-json\/wp\/v2\/pages\/26\/revisions\/107"}],"wp:attachment":[{"href":"https:\/\/kanzlei-krekel.de\/cms\/wp-json\/wp\/v2\/media?parent=26"}],"curies":[{"name":"wp","href":"https:\/\/api.w.org\/{rel}","templated":true}]}}