{"id":24,"date":"2019-05-09T10:35:54","date_gmt":"2019-05-09T08:35:54","guid":{"rendered":"http:\/\/kanzlei-krekel.de\/cms\/?page_id=24"},"modified":"2019-05-09T10:35:54","modified_gmt":"2019-05-09T08:35:54","slug":"miet-und-wohneigentumsrecht","status":"publish","type":"page","link":"https:\/\/kanzlei-krekel.de\/cms\/miet-und-wohneigentumsrecht\/","title":{"rendered":"Miet- und Wohneigentumsrecht"},"content":{"rendered":"\n<p>\nEin weiteres Fachgebiet bildet das Miet- und Wohnungseigentumsrecht.<br>\n Auch auf diesem Rechtsgebiet konnten neben den theoretischen \nKenntnissen ebenso umfangreiche praktische Erfahrungen erworben werden. \nEs erfolgt eine regelm\u00e4\u00dfige Weiterbildung, sodass auch hier eine \nkompetente Beratung gew\u00e4hrleistet ist.\n\n<\/p>\n","protected":false},"excerpt":{"rendered":"<p>Ein weiteres Fachgebiet bildet das Miet- und Wohnungseigentumsrecht. Auch auf diesem Rechtsgebiet konnten neben den theoretischen Kenntnissen ebenso umfangreiche praktische Erfahrungen erworben werden. Es erfolgt eine regelm\u00e4\u00dfige Weiterbildung, sodass auch hier eine kompetente Beratung gew\u00e4hrleistet ist.<\/p>\n","protected":false},"author":2,"featured_media":0,"parent":0,"menu_order":0,"comment_status":"closed","ping_status":"closed","template":"","meta":[],"_links":{"self":[{"href":"https:\/\/kanzlei-krekel.de\/cms\/wp-json\/wp\/v2\/pages\/24"}],"collection":[{"href":"https:\/\/kanzlei-krekel.de\/cms\/wp-json\/wp\/v2\/pages"}],"about":[{"href":"https:\/\/kanzlei-krekel.de\/cms\/wp-json\/wp\/v2\/types\/page"}],"author":[{"embeddable":true,"href":"https:\/\/kanzlei-krekel.de\/cms\/wp-json\/wp\/v2\/users\/2"}],"replies":[{"embeddable":true,"href":"https:\/\/kanzlei-krekel.de\/cms\/wp-json\/wp\/v2\/comments?post=24"}],"version-history":[{"count":1,"href":"https:\/\/kanzlei-krekel.de\/cms\/wp-json\/wp\/v2\/pages\/24\/revisions"}],"predecessor-version":[{"id":25,"href":"https:\/\/kanzlei-krekel.de\/cms\/wp-json\/wp\/v2\/pages\/24\/revisions\/25"}],"wp:attachment":[{"href":"https:\/\/kanzlei-krekel.de\/cms\/wp-json\/wp\/v2\/media?parent=24"}],"curies":[{"name":"wp","href":"https:\/\/api.w.org\/{rel}","templated":true}]}}