{"id":20,"date":"2019-05-09T10:34:16","date_gmt":"2019-05-09T08:34:16","guid":{"rendered":"http:\/\/kanzlei-krekel.de\/cms\/?page_id=20"},"modified":"2021-10-12T11:01:51","modified_gmt":"2021-10-12T09:01:51","slug":"kontakt","status":"publish","type":"page","link":"https:\/\/kanzlei-krekel.de\/cms\/kontakt\/","title":{"rendered":"Kontakt"},"content":{"rendered":"<p><br \/><!--StartFragment--><\/p>\r\n\r\n<p>Ines Krekel<br \/>Rechtsanw\u00e4ltin Verkehrs-, Miet- und Allgemeines Zivilrecht<\/p>\r\n\r\n\r\n\r\n<p>Georg-R\u00fcckert-Stra\u00dfe 10<br \/>55218 Ingelheim<\/p>\r\n<p>Telefon: 06132 \/ 899 7870<br \/>Mobil: 0151 \/ 4286 9343<br \/>Fax: 06132 \/ 899 7820<br \/>E-Mail: anwalt@kanzlei-krekel.de<br \/>www.kanzlei-krekel.de<\/p>\r\n\r\n<p><!--EndFragment--><br \/><br \/><\/p>","protected":false},"excerpt":{"rendered":"<p>Ines KrekelRechtsanw\u00e4ltin Verkehrs-, Miet- und Allgemeines Zivilrecht Georg-R\u00fcckert-Stra\u00dfe 1055218 Ingelheim Telefon: 06132 \/ 899 7870Mobil: 0151 \/ 4286 9343Fax: 06132 \/ 899 7820E-Mail: anwalt@kanzlei-krekel.dewww.kanzlei-krekel.de<\/p>\n","protected":false},"author":2,"featured_media":0,"parent":0,"menu_order":0,"comment_status":"closed","ping_status":"closed","template":"","meta":[],"_links":{"self":[{"href":"https:\/\/kanzlei-krekel.de\/cms\/wp-json\/wp\/v2\/pages\/20"}],"collection":[{"href":"https:\/\/kanzlei-krekel.de\/cms\/wp-json\/wp\/v2\/pages"}],"about":[{"href":"https:\/\/kanzlei-krekel.de\/cms\/wp-json\/wp\/v2\/types\/page"}],"author":[{"embeddable":true,"href":"https:\/\/kanzlei-krekel.de\/cms\/wp-json\/wp\/v2\/users\/2"}],"replies":[{"embeddable":true,"href":"https:\/\/kanzlei-krekel.de\/cms\/wp-json\/wp\/v2\/comments?post=20"}],"version-history":[{"count":5,"href":"https:\/\/kanzlei-krekel.de\/cms\/wp-json\/wp\/v2\/pages\/20\/revisions"}],"predecessor-version":[{"id":133,"href":"https:\/\/kanzlei-krekel.de\/cms\/wp-json\/wp\/v2\/pages\/20\/revisions\/133"}],"wp:attachment":[{"href":"https:\/\/kanzlei-krekel.de\/cms\/wp-json\/wp\/v2\/media?parent=20"}],"curies":[{"name":"wp","href":"https:\/\/api.w.org\/{rel}","templated":true}]}}